{"id":206,"date":"2014-03-06T20:21:40","date_gmt":"2014-03-06T19:21:40","guid":{"rendered":"http:\/\/bothniakoren.zntz.se\/?page_id=206"},"modified":"2014-03-06T20:31:45","modified_gmt":"2014-03-06T19:31:45","slug":"brandoskar-2006","status":"publish","type":"page","link":"https:\/\/bothniakoren.zntz.se\/?page_id=206","title":{"rendered":"Br\u00e4nd\u00f6sk\u00e4r 2006"},"content":{"rendered":"<div id='gallery-1' class='gallery galleryid-206 gallery-columns-3 gallery-size-thumbnail'><figure class='gallery-item'>\n\t\t\t<div class='gallery-icon landscape'>\n\t\t\t\t<a href='https:\/\/bothniakoren.zntz.se\/?attachment_id=207'><img width=\"150\" height=\"150\" src=\"https:\/\/bothniakoren.zntz.se\/wp-content\/uploads\/2014\/03\/0003-150x150.jpg\" class=\"attachment-thumbnail size-thumbnail\" alt=\"\" decoding=\"async\" loading=\"lazy\" sizes=\"100vw\" \/><\/a>\n\t\t\t<\/div><\/figure><figure class='gallery-item'>\n\t\t\t<div class='gallery-icon landscape'>\n\t\t\t\t<a href='https:\/\/bothniakoren.zntz.se\/?attachment_id=208'><img width=\"150\" height=\"150\" src=\"https:\/\/bothniakoren.zntz.se\/wp-content\/uploads\/2014\/03\/0002-150x150.jpg\" class=\"attachment-thumbnail size-thumbnail\" alt=\"\" decoding=\"async\" loading=\"lazy\" sizes=\"100vw\" \/><\/a>\n\t\t\t<\/div><\/figure><figure class='gallery-item'>\n\t\t\t<div class='gallery-icon landscape'>\n\t\t\t\t<a href='https:\/\/bothniakoren.zntz.se\/?attachment_id=209'><img width=\"150\" height=\"150\" src=\"https:\/\/bothniakoren.zntz.se\/wp-content\/uploads\/2014\/03\/0001-150x150.jpg\" class=\"attachment-thumbnail size-thumbnail\" alt=\"\" decoding=\"async\" loading=\"lazy\" sizes=\"100vw\" \/><\/a>\n\t\t\t<\/div><\/figure>\n\t\t<\/div>\n\n","protected":false},"excerpt":{"rendered":"","protected":false},"author":3,"featured_media":0,"parent":0,"menu_order":0,"comment_status":"open","ping_status":"open","template":"","meta":[],"_links":{"self":[{"href":"https:\/\/bothniakoren.zntz.se\/index.php?rest_route=\/wp\/v2\/pages\/206"}],"collection":[{"href":"https:\/\/bothniakoren.zntz.se\/index.php?rest_route=\/wp\/v2\/pages"}],"about":[{"href":"https:\/\/bothniakoren.zntz.se\/index.php?rest_route=\/wp\/v2\/types\/page"}],"author":[{"embeddable":true,"href":"https:\/\/bothniakoren.zntz.se\/index.php?rest_route=\/wp\/v2\/users\/3"}],"replies":[{"embeddable":true,"href":"https:\/\/bothniakoren.zntz.se\/index.php?rest_route=%2Fwp%2Fv2%2Fcomments&post=206"}],"version-history":[{"count":1,"href":"https:\/\/bothniakoren.zntz.se\/index.php?rest_route=\/wp\/v2\/pages\/206\/revisions"}],"predecessor-version":[{"id":210,"href":"https:\/\/bothniakoren.zntz.se\/index.php?rest_route=\/wp\/v2\/pages\/206\/revisions\/210"}],"wp:attachment":[{"href":"https:\/\/bothniakoren.zntz.se\/index.php?rest_route=%2Fwp%2Fv2%2Fmedia&parent=206"}],"curies":[{"name":"wp","href":"https:\/\/api.w.org\/{rel}","templated":true}]}}